{"id":12788,"date":"2025-12-04T10:40:16","date_gmt":"2025-12-04T08:40:16","guid":{"rendered":"https:\/\/www.traveter.ee\/?page_id=12788"},"modified":"2025-12-04T16:19:17","modified_gmt":"2025-12-04T14:19:17","slug":"construction-and-movement-joints","status":"publish","type":"page","link":"https:\/\/www.traveter.ee\/en\/construction-and-movement-joints\/","title":{"rendered":"CONSTRUCTION AND MOVEMENT JOINTS"},"content":{"rendered":"\t\t<div data-elementor-type=\"wp-page\" data-elementor-id=\"12788\" class=\"elementor elementor-12788 elementor-2479\" data-elementor-post-type=\"page\">\n\t\t\t\t\t\t<section class=\"elementor-section elementor-top-section elementor-element elementor-element-2a330d81 elementor-section-full_width elementor-section-height-default elementor-section-height-default\" data-id=\"2a330d81\" data-element_type=\"section\" data-e-type=\"section\">\n\t\t\t\t\t\t<div class=\"elementor-container elementor-column-gap-default\">\n\t\t\t\t\t<div class=\"elementor-column elementor-col-100 elementor-top-column elementor-element elementor-element-300e5a7\" data-id=\"300e5a7\" data-element_type=\"column\" data-e-type=\"column\">\n\t\t\t<div class=\"elementor-widget-wrap elementor-element-populated\">\n\t\t\t\t\t\t<div class=\"elementor-element elementor-element-3ccef8f2 elementor-widget elementor-widget-image\" data-id=\"3ccef8f2\" data-element_type=\"widget\" data-e-type=\"widget\" data-widget_type=\"image.default\">\n\t\t\t\t<div class=\"elementor-widget-container\">\n\t\t\t\t\t\t\t\t\t\t\t\t\t\t\t<img fetchpriority=\"high\" decoding=\"async\" width=\"2000\" height=\"360\" src=\"https:\/\/www.traveter.ee\/wp-content\/uploads\/2016\/07\/background-slice.png\" class=\"attachment-full size-full wp-image-3117\" alt=\"Ilupilt\" srcset=\"https:\/\/www.traveter.ee\/wp-content\/uploads\/2016\/07\/background-slice.png 2000w, https:\/\/www.traveter.ee\/wp-content\/uploads\/2016\/07\/background-slice-300x54.png 300w, https:\/\/www.traveter.ee\/wp-content\/uploads\/2016\/07\/background-slice-1024x184.png 1024w, https:\/\/www.traveter.ee\/wp-content\/uploads\/2016\/07\/background-slice-768x138.png 768w, https:\/\/www.traveter.ee\/wp-content\/uploads\/2016\/07\/background-slice-1536x276.png 1536w, https:\/\/www.traveter.ee\/wp-content\/uploads\/2016\/07\/background-slice-20x4.png 20w\" sizes=\"(max-width: 2000px) 100vw, 2000px\" \/>\t\t\t\t\t\t\t\t\t\t\t\t\t\t\t<\/div>\n\t\t\t\t<\/div>\n\t\t\t\t\t<\/div>\n\t\t<\/div>\n\t\t\t\t\t<\/div>\n\t\t<\/section>\n\t\t\t\t<section class=\"elementor-section elementor-top-section elementor-element elementor-element-4a873617 elementor-section-boxed elementor-section-height-default elementor-section-height-default\" data-id=\"4a873617\" data-element_type=\"section\" data-e-type=\"section\" data-settings=\"{&quot;background_background&quot;:&quot;classic&quot;}\">\n\t\t\t\t\t\t<div class=\"elementor-container elementor-column-gap-default\">\n\t\t\t\t\t<div class=\"elementor-column elementor-col-50 elementor-top-column elementor-element elementor-element-6d078571\" data-id=\"6d078571\" data-element_type=\"column\" data-e-type=\"column\" data-settings=\"{&quot;background_background&quot;:&quot;classic&quot;}\">\n\t\t\t<div class=\"elementor-widget-wrap elementor-element-populated\">\n\t\t\t\t\t\t<section class=\"elementor-section elementor-inner-section elementor-element elementor-element-2c214de5 elementor-section-full_width elementor-section-height-default elementor-section-height-default\" data-id=\"2c214de5\" data-element_type=\"section\" data-e-type=\"section\">\n\t\t\t\t\t\t<div class=\"elementor-container elementor-column-gap-default\">\n\t\t\t\t\t<div class=\"elementor-column elementor-col-100 elementor-inner-column elementor-element elementor-element-51556698\" data-id=\"51556698\" data-element_type=\"column\" data-e-type=\"column\" data-settings=\"{&quot;background_background&quot;:&quot;classic&quot;}\">\n\t\t\t<div class=\"elementor-widget-wrap elementor-element-populated\">\n\t\t\t\t\t\t<div class=\"elementor-element elementor-element-1690788f elementor-widget elementor-widget-heading\" data-id=\"1690788f\" data-element_type=\"widget\" data-e-type=\"widget\" data-widget_type=\"heading.default\">\n\t\t\t\t<div class=\"elementor-widget-container\">\n\t\t\t\t\t<h2 class=\"elementor-heading-title elementor-size-default\">MEIE TEENUSED\n<\/h2>\t\t\t\t<\/div>\n\t\t\t\t<\/div>\n\t\t\t\t<div class=\"elementor-element elementor-element-1898500 elementor-nav-menu__align-start elementor-nav-menu--dropdown-none zi-our-service elementor-widget elementor-widget-nav-menu\" data-id=\"1898500\" data-element_type=\"widget\" data-e-type=\"widget\" data-settings=\"{&quot;layout&quot;:&quot;vertical&quot;,&quot;submenu_icon&quot;:{&quot;value&quot;:&quot;&lt;i class=\\&quot;fas fa-caret-down\\&quot; aria-hidden=\\&quot;true\\&quot;&gt;&lt;\\\/i&gt;&quot;,&quot;library&quot;:&quot;fa-solid&quot;}}\" data-widget_type=\"nav-menu.default\">\n\t\t\t\t<div class=\"elementor-widget-container\">\n\t\t\t\t\t\t\t\t<nav aria-label=\"Menu\" class=\"elementor-nav-menu--main elementor-nav-menu__container elementor-nav-menu--layout-vertical e--pointer-none\">\n\t\t\t\t<ul id=\"menu-1-1898500\" class=\"elementor-nav-menu sm-vertical\"><li class=\"menu-item menu-item-type-post_type menu-item-object-page menu-item-3059\"><a href=\"https:\/\/www.traveter.ee\/en\/foundation-waterproofing\/\" class=\"elementor-item\">FOUNDATION WATERPROOFING<\/a><\/li>\n<li class=\"menu-item menu-item-type-post_type menu-item-object-page menu-item-3060\"><a href=\"https:\/\/www.traveter.ee\/en\/waterproofing-of-tanks-and-pools\/\" class=\"elementor-item\">WATERPROOFING OF TANKS AND POOLS<\/a><\/li>\n<li class=\"menu-item menu-item-type-post_type menu-item-object-page menu-item-3061\"><a href=\"https:\/\/www.traveter.ee\/en\/inverted-roofs\/\" class=\"elementor-item\">WATERPROOFING OF INVERTED ROOFS<\/a><\/li>\n<li class=\"menu-item menu-item-type-post_type menu-item-object-page menu-item-3062\"><a href=\"https:\/\/www.traveter.ee\/en\/waterproofing-of-facilities\/\" class=\"elementor-item\">WATERPROOFING OF FACILITIES<\/a><\/li>\n<li class=\"menu-item menu-item-type-post_type menu-item-object-page menu-item-3064\"><a href=\"https:\/\/www.traveter.ee\/en\/concrete-repair\/\" class=\"elementor-item\">CONCRETE REPAIR<\/a><\/li>\n<li class=\"menu-item menu-item-type-post_type menu-item-object-page menu-item-3065\"><a href=\"https:\/\/www.traveter.ee\/en\/shotcrete\/\" class=\"elementor-item\">SHOTCRETE<\/a><\/li>\n<li class=\"menu-item menu-item-type-post_type menu-item-object-page menu-item-3066\"><a href=\"https:\/\/www.traveter.ee\/en\/injection\/\" class=\"elementor-item\">INJECTION<\/a><\/li>\n<li class=\"menu-item menu-item-type-post_type menu-item-object-page menu-item-3067\"><a href=\"https:\/\/www.traveter.ee\/en\/waterproofing-of-basement\/\" class=\"elementor-item\">WATERPROOFING OF BASEMENT<\/a><\/li>\n<li class=\"menu-item menu-item-type-post_type menu-item-object-page menu-item-12804\"><a href=\"https:\/\/www.traveter.ee\/en\/construction-and-movement-joints\/\" class=\"elementor-item\">CONSTRUCTION AND MOVEMENT JOINTS<\/a><\/li>\n<li class=\"menu-item menu-item-type-post_type menu-item-object-page menu-item-12584\"><a href=\"https:\/\/www.traveter.ee\/en\/concrete-repair-for-parking-houses\/\" class=\"elementor-item\">CONCRETE REPAIR FOR PARKING HOUSES<\/a><\/li>\n<li class=\"menu-item menu-item-type-post_type menu-item-object-page menu-item-12839\"><a href=\"https:\/\/www.traveter.ee\/en\/concrete-protection-for-silage-bunkers\/\" class=\"elementor-item\">CONCRETE PROTECTION FOR SILAGE BUNKERS<\/a><\/li>\n<\/ul>\t\t\t<\/nav>\n\t\t\t\t\t\t<nav class=\"elementor-nav-menu--dropdown elementor-nav-menu__container\" aria-hidden=\"true\">\n\t\t\t\t<ul id=\"menu-2-1898500\" class=\"elementor-nav-menu sm-vertical\"><li class=\"menu-item menu-item-type-post_type menu-item-object-page menu-item-3059\"><a href=\"https:\/\/www.traveter.ee\/en\/foundation-waterproofing\/\" class=\"elementor-item\" tabindex=\"-1\">FOUNDATION WATERPROOFING<\/a><\/li>\n<li class=\"menu-item menu-item-type-post_type menu-item-object-page menu-item-3060\"><a href=\"https:\/\/www.traveter.ee\/en\/waterproofing-of-tanks-and-pools\/\" class=\"elementor-item\" tabindex=\"-1\">WATERPROOFING OF TANKS AND POOLS<\/a><\/li>\n<li class=\"menu-item menu-item-type-post_type menu-item-object-page menu-item-3061\"><a href=\"https:\/\/www.traveter.ee\/en\/inverted-roofs\/\" class=\"elementor-item\" tabindex=\"-1\">WATERPROOFING OF INVERTED ROOFS<\/a><\/li>\n<li class=\"menu-item menu-item-type-post_type menu-item-object-page menu-item-3062\"><a href=\"https:\/\/www.traveter.ee\/en\/waterproofing-of-facilities\/\" class=\"elementor-item\" tabindex=\"-1\">WATERPROOFING OF FACILITIES<\/a><\/li>\n<li class=\"menu-item menu-item-type-post_type menu-item-object-page menu-item-3064\"><a href=\"https:\/\/www.traveter.ee\/en\/concrete-repair\/\" class=\"elementor-item\" tabindex=\"-1\">CONCRETE REPAIR<\/a><\/li>\n<li class=\"menu-item menu-item-type-post_type menu-item-object-page menu-item-3065\"><a href=\"https:\/\/www.traveter.ee\/en\/shotcrete\/\" class=\"elementor-item\" tabindex=\"-1\">SHOTCRETE<\/a><\/li>\n<li class=\"menu-item menu-item-type-post_type menu-item-object-page menu-item-3066\"><a href=\"https:\/\/www.traveter.ee\/en\/injection\/\" class=\"elementor-item\" tabindex=\"-1\">INJECTION<\/a><\/li>\n<li class=\"menu-item menu-item-type-post_type menu-item-object-page menu-item-3067\"><a href=\"https:\/\/www.traveter.ee\/en\/waterproofing-of-basement\/\" class=\"elementor-item\" tabindex=\"-1\">WATERPROOFING OF BASEMENT<\/a><\/li>\n<li class=\"menu-item menu-item-type-post_type menu-item-object-page menu-item-12804\"><a href=\"https:\/\/www.traveter.ee\/en\/construction-and-movement-joints\/\" class=\"elementor-item\" tabindex=\"-1\">CONSTRUCTION AND MOVEMENT JOINTS<\/a><\/li>\n<li class=\"menu-item menu-item-type-post_type menu-item-object-page menu-item-12584\"><a href=\"https:\/\/www.traveter.ee\/en\/concrete-repair-for-parking-houses\/\" class=\"elementor-item\" tabindex=\"-1\">CONCRETE REPAIR FOR PARKING HOUSES<\/a><\/li>\n<li class=\"menu-item menu-item-type-post_type menu-item-object-page menu-item-12839\"><a href=\"https:\/\/www.traveter.ee\/en\/concrete-protection-for-silage-bunkers\/\" class=\"elementor-item\" tabindex=\"-1\">CONCRETE PROTECTION FOR SILAGE BUNKERS<\/a><\/li>\n<\/ul>\t\t\t<\/nav>\n\t\t\t\t\t\t<\/div>\n\t\t\t\t<\/div>\n\t\t\t\t\t<\/div>\n\t\t<\/div>\n\t\t\t\t\t<\/div>\n\t\t<\/section>\n\t\t\t\t\t<\/div>\n\t\t<\/div>\n\t\t\t\t<div class=\"elementor-column elementor-col-50 elementor-top-column elementor-element elementor-element-7f2878d zi-service-detail\" data-id=\"7f2878d\" data-element_type=\"column\" data-e-type=\"column\" data-settings=\"{&quot;background_background&quot;:&quot;classic&quot;}\">\n\t\t\t<div class=\"elementor-widget-wrap elementor-element-populated\">\n\t\t\t\t\t\t<div class=\"elementor-element elementor-element-cd1bbe elementor-widget elementor-widget-heading\" data-id=\"cd1bbe\" data-element_type=\"widget\" data-e-type=\"widget\" data-widget_type=\"heading.default\">\n\t\t\t\t<div class=\"elementor-widget-container\">\n\t\t\t\t\t<h2 class=\"elementor-heading-title elementor-size-default\">CONSTRUCTION AND MOVEMENT JOINTS<\/h2>\t\t\t\t<\/div>\n\t\t\t\t<\/div>\n\t\t\t\t<div class=\"elementor-element elementor-element-7d585243 elementor-widget elementor-widget-text-editor\" data-id=\"7d585243\" data-element_type=\"widget\" data-e-type=\"widget\" data-widget_type=\"text-editor.default\">\n\t\t\t\t<div class=\"elementor-widget-container\">\n\t\t\t\t\t\t\t\t\t<p>VUUKIDE TIHENDAMINE<\/p><p>Kui probleemiks on lekkivad praod, vuugid v\u00f5i toru-, kaabli-, jms l\u00e4biviigud, siis olete \u00f5igesse kohta sattunud. Teostame ehitiste ja rajatiste k\u00f5ikv\u00f5imalike pragude, t\u00f6\u00f6vuukide, temperatuurivuukide, liikumisvuukide, paisumisvuukide, deformatsioonivuukide ja mahukahanemisvuukide tihendamise t\u00f6id.<\/p><div id=\"attachment_5726\" class=\"wp-caption alignleft\" style=\"width: 235px;\"><p><a href=\"https:\/\/www.traveter.ee\/rl_gallery\/maakri-kvartali-deformatsioonivuugid\/17888936_1781521055498559_243460278_n\/\" rel=\"attachment wp-att-5726\"><noscript><img aria-describedby=\"caption-attachment-5726\" decoding=\"async\" class=\"wp-image-5726 size-medium\" src=\"https:\/\/www.traveter.ee\/wp-content\/uploads\/2021\/03\/17888936_1781521055498559_243460278_n-225x300.jpg\" alt=\"Vuukide tihendamine\" width=\"225\" height=\"300\" srcset=\"https:\/\/www.traveter.ee\/wp-content\/uploads\/2021\/03\/17888936_1781521055498559_243460278_n-225x300.jpg 225w, https:\/\/www.traveter.ee\/wp-content\/uploads\/2021\/03\/17888936_1781521055498559_243460278_n.jpg 720w\" sizes=\"(max-width: 225px) 100vw, 225px\" \/><\/noscript><img decoding=\"async\" class=\"wp-image-5726 size-medium lazyloaded\" src=\"https:\/\/www.traveter.ee\/wp-content\/uploads\/2021\/03\/17888936_1781521055498559_243460278_n-225x300.jpg\" sizes=\"(max-width: 225px) 100vw, 225px\" srcset=\"https:\/\/www.traveter.ee\/wp-content\/uploads\/2021\/03\/17888936_1781521055498559_243460278_n-225x300.jpg 225w, https:\/\/www.traveter.ee\/wp-content\/uploads\/2021\/03\/17888936_1781521055498559_243460278_n.jpg 720w\" alt=\"Vuukide tihendamine\" width=\"225\" height=\"300\" aria-describedby=\"caption-attachment-5726\" data-src=\"https:\/\/www.traveter.ee\/wp-content\/uploads\/2021\/03\/17888936_1781521055498559_243460278_n-225x300.jpg\" data-srcset=\"https:\/\/www.traveter.ee\/wp-content\/uploads\/2021\/03\/17888936_1781521055498559_243460278_n-225x300.jpg 225w, https:\/\/www.traveter.ee\/wp-content\/uploads\/2021\/03\/17888936_1781521055498559_243460278_n.jpg 720w\" data-sizes=\"(max-width: 225px) 100vw, 225px\" \/><\/a><\/p><p id=\"caption-attachment-5726\" class=\"wp-caption-text\">Seestpoolt tihendatud deformatsioonivuuk<\/p><\/div><h5>Mis vahe on vuugil ja praol?<\/h5><p>Vuuk on vahe ehitise erinevate osade (nt m\u00fc\u00fcrikivi, tellise, paneelide, betooni valukordada) vahel.<br \/>T\u00f6\u00f6vuuk on konstruktsiooni vuuk, mis projekteeritakse kindlasse kohta, et eraldada erinevad ehitusetapid, n\u00e4iteks betoonp\u00f5randa- v\u00f5i seina valu erinevad etapid, vundamendi eraldamiseks maapealsest konstruktsioonist v\u00f5i \u00fche korruse eraldamiseks teisest. T\u00f6\u00f6vuugi eesm\u00e4rk on v\u00f5imaldada erinevate ehitusetappide l\u00f5petamist \u00fcksteisest s\u00f5ltumatult ning v\u00f5imaldada betooni v\u00f5i muude ehitusmaterjalide k\u00f5venemisel tekkida v\u00f5ivaid liikumisi v\u00f5i kokkut\u00f5mbumist. Muud liikumist v\u00f5imaldavad vuugid on oma olemuselt sarnased t\u00f6\u00f6vuukidega, erinedes t\u00f6\u00f6vuugist p\u00f5hiliselt oma liikumise ulatuse poolest.<\/p><div id=\"attachment_6914\" class=\"wp-caption alignright\" style=\"width: 310px;\"><p><a href=\"https:\/\/www.traveter.ee\/rl_gallery\/injekteerimine\/img_0866\/\" rel=\"attachment wp-att-6914\"><noscript><img loading=\"lazy\" aria-describedby=\"caption-attachment-6914\" decoding=\"async\" class=\"wp-image-6914 size-medium\" src=\"https:\/\/www.traveter.ee\/wp-content\/uploads\/2022\/10\/img_0866-300x225.jpg\" alt=\"Vuukide tihendamine. Horisontaalne pragu postis\" width=\"300\" height=\"225\" srcset=\"https:\/\/www.traveter.ee\/wp-content\/uploads\/2022\/10\/img_0866-300x225.jpg 300w, https:\/\/www.traveter.ee\/wp-content\/uploads\/2022\/10\/img_0866-1024x768.jpg 1024w, https:\/\/www.traveter.ee\/wp-content\/uploads\/2022\/10\/img_0866-768x576.jpg 768w, https:\/\/www.traveter.ee\/wp-content\/uploads\/2022\/10\/img_0866-1536x1152.jpg 1536w, https:\/\/www.traveter.ee\/wp-content\/uploads\/2022\/10\/img_0866-381x285.jpg 381w, https:\/\/www.traveter.ee\/wp-content\/uploads\/2022\/10\/img_0866.jpg 1600w\" sizes=\"(max-width: 300px) 100vw, 300px\" \/><\/noscript><img loading=\"lazy\" decoding=\"async\" class=\"wp-image-6914 size-medium lazyloaded\" src=\"https:\/\/www.traveter.ee\/wp-content\/uploads\/2022\/10\/img_0866-300x225.jpg\" sizes=\"(max-width: 300px) 100vw, 300px\" srcset=\"https:\/\/www.traveter.ee\/wp-content\/uploads\/2022\/10\/img_0866-300x225.jpg 300w, https:\/\/www.traveter.ee\/wp-content\/uploads\/2022\/10\/img_0866-1024x768.jpg 1024w, https:\/\/www.traveter.ee\/wp-content\/uploads\/2022\/10\/img_0866-768x576.jpg 768w, https:\/\/www.traveter.ee\/wp-content\/uploads\/2022\/10\/img_0866-1536x1152.jpg 1536w, https:\/\/www.traveter.ee\/wp-content\/uploads\/2022\/10\/img_0866-381x285.jpg 381w, https:\/\/www.traveter.ee\/wp-content\/uploads\/2022\/10\/img_0866.jpg 1600w\" alt=\"Vuukide tihendamine. Horisontaalne pragu postis\" width=\"300\" height=\"225\" aria-describedby=\"caption-attachment-6914\" data-src=\"https:\/\/www.traveter.ee\/wp-content\/uploads\/2022\/10\/img_0866-300x225.jpg\" data-srcset=\"https:\/\/www.traveter.ee\/wp-content\/uploads\/2022\/10\/img_0866-300x225.jpg 300w, https:\/\/www.traveter.ee\/wp-content\/uploads\/2022\/10\/img_0866-1024x768.jpg 1024w, https:\/\/www.traveter.ee\/wp-content\/uploads\/2022\/10\/img_0866-768x576.jpg 768w, https:\/\/www.traveter.ee\/wp-content\/uploads\/2022\/10\/img_0866-1536x1152.jpg 1536w, https:\/\/www.traveter.ee\/wp-content\/uploads\/2022\/10\/img_0866-381x285.jpg 381w, https:\/\/www.traveter.ee\/wp-content\/uploads\/2022\/10\/img_0866.jpg 1600w\" data-sizes=\"(max-width: 300px) 100vw, 300px\" \/><\/a><\/p><p id=\"caption-attachment-6914\" class=\"wp-caption-text\">Horisontaalne pragu postis<\/p><\/div><p>\u00a0<\/p><p>Pragu on aga purunemine v\u00f5i eraldumine konstruktsiooni sees, mida ei ole projekteerija poolt projektis ette n\u00e4htud. Praod v\u00f5ivad tekkida erinevatel p\u00f5hjustel, nagu materjalide kokkut\u00f5mbumine, betooni eba\u00f5ige kahanemine v\u00f5i konstruktsiooni kandev\u00f5ime muutused. Nende pragude suurus v\u00f5ib varieeruda imepeenetest juuspragudest kuni suurte l\u00f5hedeni ning neid v\u00f5ib leida konstruktsiooni mis tahes osast.<\/p><p>Kokkuv\u00f5tlikult v\u00f5ib \u00f6elda, et vuuk on m\u00f5eldud osana projektist ja annab v\u00f5imalus eraldada erinevaid ehitusetappe, kuid pragu seevastu ei ole projekteeritud konstruktsiooni osana ja v\u00f5ib viidata hoones esinevatele probleemidele.<\/p><h5>Mida lekkivate pragude ja vuukidega teha?<\/h5><p>K\u00f5ik praod ei ole kindlasti sellised, mis vajaksid eraldi t\u00e4helepanu. Kuid on hulk pragusid, mille sulgemine kas j\u00e4iga v\u00f5i elastse injekteerimisvaiguga v\u00f5ib pikendada oluliselt ehitise eluiga. Ehitises olevate vuukidega on lihtsam, kui need lasevad vett l\u00e4bi, siis on need enamasti vaja veetihedalt sulgeda.<\/p><p>Oma rohkem kui 20 tegutsemisaasta jooksul oleme \u00f5ppinud v\u00e4ga erinevaid veelekkeid sulgema, seda nii l\u00e4biviikude puhul kui ka erinevate konstruktsioonide pragude ja vuukide puhul. Pragude puhul saab leketest lahti enamasti prakku spetsiaalse vaigu inejkteerimisega.<\/p><p>Vuukide puhul n\u00e4itab aga kogemus, et k\u00f5ik liikumist vajavad vuugid on m\u00f5istlik teha veetihedaks alati sellelt k\u00fcljelt, millelt m\u00f5jub veesurve, ehk siis enamasti konstruktsiooni v\u00e4limiselt k\u00fcljelt ning kasutades materjale, millega tekitatakse vuugi peale, mitte vuugi sisse, elastne veetihe ilmastikukindel kiht. Selleks v\u00f5ib olla PVC baasil lindid, mis liimitakse vuugile spetsiaalse epoliimiga v\u00f5i siis vedelplastid, mille eeliseks on v\u00e4ga suur elastsus kui ka suur paigaldustemperatuuride vahemik (paigaldus v\u00f5imalik ka miinuskraadidega).<\/p><p>Koost\u00f6\u00f6partner\u00a0<a href=\"https:\/\/www.primostar.eu\/\">Primostar O\u00dc<\/a> varustab meid vajalike h\u00fcdroisolatsiooni matejralidega.<\/p>\t\t\t\t\t\t\t\t<\/div>\n\t\t\t\t<\/div>\n\t\t\t\t<div class=\"elementor-element elementor-element-14797954 elementor-align-left zi-btn-service elementor-mobile-align-left elementor-widget elementor-widget-button\" data-id=\"14797954\" data-element_type=\"widget\" data-e-type=\"widget\" data-widget_type=\"button.default\">\n\t\t\t\t<div class=\"elementor-widget-container\">\n\t\t\t\t\t\t\t\t\t<div class=\"elementor-button-wrapper\">\n\t\t\t\t\t<a class=\"elementor-button elementor-button-link elementor-size-sm\" href=\"https:\/\/www.traveter.ee\/tehtud-tood\/\">\n\t\t\t\t\t\t<span class=\"elementor-button-content-wrapper\">\n\t\t\t\t\t\t\t\t\t<span class=\"elementor-button-text\">Vaata tehtud t\u00f6id<\/span>\n\t\t\t\t\t<\/span>\n\t\t\t\t\t<\/a>\n\t\t\t\t<\/div>\n\t\t\t\t\t\t\t\t<\/div>\n\t\t\t\t<\/div>\n\t\t\t\t\t<\/div>\n\t\t<\/div>\n\t\t\t\t\t<\/div>\n\t\t<\/section>\n\t\t\t\t<\/div>\n\t\t","protected":false},"excerpt":{"rendered":"<p>MEIE TEENUSED VUUKIDE TIHENDAMINE Kui probleemiks on lekkivad praod, vuugid v\u00f5i toru-, kaabli-, jms l\u00e4biviigud, siis olete \u00f5igesse kohta sattunud. Teostame ehitiste ja rajatiste k\u00f5ikv\u00f5imalike pragude, t\u00f6\u00f6vuukide, temperatuurivuukide, liikumisvuukide, paisumisvuukide, deformatsioonivuukide ja mahukahanemisvuukide tihendamise t\u00f6id. Seestpoolt tihendatud deformatsioonivuuk Mis vahe on vuugil ja praol? Vuuk on vahe ehitise erinevate osade (nt m\u00fc\u00fcrikivi, tellise, paneelide, betooni [&hellip;]<\/p>\n","protected":false},"author":1,"featured_media":0,"parent":0,"menu_order":4,"comment_status":"closed","ping_status":"closed","template":"","meta":{"footnotes":""},"class_list":["post-12788","page","type-page","status-publish","hentry"],"aioseo_notices":[],"_links":{"self":[{"href":"https:\/\/www.traveter.ee\/en\/wp-json\/wp\/v2\/pages\/12788","targetHints":{"allow":["GET"]}}],"collection":[{"href":"https:\/\/www.traveter.ee\/en\/wp-json\/wp\/v2\/pages"}],"about":[{"href":"https:\/\/www.traveter.ee\/en\/wp-json\/wp\/v2\/types\/page"}],"author":[{"embeddable":true,"href":"https:\/\/www.traveter.ee\/en\/wp-json\/wp\/v2\/users\/1"}],"replies":[{"embeddable":true,"href":"https:\/\/www.traveter.ee\/en\/wp-json\/wp\/v2\/comments?post=12788"}],"version-history":[{"count":2,"href":"https:\/\/www.traveter.ee\/en\/wp-json\/wp\/v2\/pages\/12788\/revisions"}],"predecessor-version":[{"id":12798,"href":"https:\/\/www.traveter.ee\/en\/wp-json\/wp\/v2\/pages\/12788\/revisions\/12798"}],"wp:attachment":[{"href":"https:\/\/www.traveter.ee\/en\/wp-json\/wp\/v2\/media?parent=12788"}],"curies":[{"name":"wp","href":"https:\/\/api.w.org\/{rel}","templated":true}]}}