{"id":2774,"date":"2020-04-30T16:12:05","date_gmt":"2020-04-30T13:12:05","guid":{"rendered":"https:\/\/www.traveter.ee\/waterproofing-works-bridges-viaducts-tunnels\/"},"modified":"2025-10-01T15:44:43","modified_gmt":"2025-10-01T12:44:43","slug":"waterproofing-of-facilities","status":"publish","type":"page","link":"https:\/\/www.traveter.ee\/en\/waterproofing-of-facilities\/","title":{"rendered":"WATERPROOFING OF FACILITIES"},"content":{"rendered":"\t\t<div data-elementor-type=\"wp-page\" data-elementor-id=\"2774\" class=\"elementor elementor-2774 elementor-2473\" data-elementor-post-type=\"page\">\n\t\t\t\t\t\t<section class=\"elementor-section elementor-top-section elementor-element elementor-element-de0e0b9 elementor-section-full_width elementor-section-height-default elementor-section-height-default\" data-id=\"de0e0b9\" data-element_type=\"section\" data-e-type=\"section\">\n\t\t\t\t\t\t<div class=\"elementor-container elementor-column-gap-default\">\n\t\t\t\t\t<div class=\"elementor-column elementor-col-100 elementor-top-column elementor-element elementor-element-5cad94a7\" data-id=\"5cad94a7\" data-element_type=\"column\" data-e-type=\"column\">\n\t\t\t<div class=\"elementor-widget-wrap elementor-element-populated\">\n\t\t\t\t\t\t<div class=\"elementor-element elementor-element-412c5488 elementor-widget elementor-widget-image\" data-id=\"412c5488\" data-element_type=\"widget\" data-e-type=\"widget\" data-widget_type=\"image.default\">\n\t\t\t\t<div class=\"elementor-widget-container\">\n\t\t\t\t\t\t\t\t\t\t\t\t\t\t\t<img fetchpriority=\"high\" decoding=\"async\" width=\"2000\" height=\"360\" src=\"https:\/\/www.traveter.ee\/wp-content\/uploads\/2016\/07\/background-slice.png\" class=\"attachment-full size-full wp-image-3117\" alt=\"Ilupilt\" srcset=\"https:\/\/www.traveter.ee\/wp-content\/uploads\/2016\/07\/background-slice.png 2000w, https:\/\/www.traveter.ee\/wp-content\/uploads\/2016\/07\/background-slice-300x54.png 300w, https:\/\/www.traveter.ee\/wp-content\/uploads\/2016\/07\/background-slice-1024x184.png 1024w, https:\/\/www.traveter.ee\/wp-content\/uploads\/2016\/07\/background-slice-768x138.png 768w, https:\/\/www.traveter.ee\/wp-content\/uploads\/2016\/07\/background-slice-1536x276.png 1536w, https:\/\/www.traveter.ee\/wp-content\/uploads\/2016\/07\/background-slice-20x4.png 20w\" sizes=\"(max-width: 2000px) 100vw, 2000px\" \/>\t\t\t\t\t\t\t\t\t\t\t\t\t\t\t<\/div>\n\t\t\t\t<\/div>\n\t\t\t\t\t<\/div>\n\t\t<\/div>\n\t\t\t\t\t<\/div>\n\t\t<\/section>\n\t\t\t\t<section class=\"elementor-section elementor-top-section elementor-element elementor-element-69fd2d0c elementor-section-boxed elementor-section-height-default elementor-section-height-default\" data-id=\"69fd2d0c\" data-element_type=\"section\" data-e-type=\"section\" data-settings=\"{&quot;background_background&quot;:&quot;classic&quot;}\">\n\t\t\t\t\t\t<div class=\"elementor-container elementor-column-gap-default\">\n\t\t\t\t\t<div class=\"elementor-column elementor-col-50 elementor-top-column elementor-element elementor-element-5433eb39\" data-id=\"5433eb39\" data-element_type=\"column\" data-e-type=\"column\" data-settings=\"{&quot;background_background&quot;:&quot;classic&quot;}\">\n\t\t\t<div class=\"elementor-widget-wrap elementor-element-populated\">\n\t\t\t\t\t\t<section class=\"elementor-section elementor-inner-section elementor-element elementor-element-6f6a1219 elementor-section-full_width elementor-section-height-default elementor-section-height-default\" data-id=\"6f6a1219\" data-element_type=\"section\" data-e-type=\"section\">\n\t\t\t\t\t\t<div class=\"elementor-container elementor-column-gap-default\">\n\t\t\t\t\t<div class=\"elementor-column elementor-col-100 elementor-inner-column elementor-element elementor-element-5dbfe41\" data-id=\"5dbfe41\" data-element_type=\"column\" data-e-type=\"column\" data-settings=\"{&quot;background_background&quot;:&quot;classic&quot;}\">\n\t\t\t<div class=\"elementor-widget-wrap elementor-element-populated\">\n\t\t\t\t\t\t<div class=\"elementor-element elementor-element-509fbc0 elementor-widget elementor-widget-heading\" data-id=\"509fbc0\" data-element_type=\"widget\" data-e-type=\"widget\" data-widget_type=\"heading.default\">\n\t\t\t\t<div class=\"elementor-widget-container\">\n\t\t\t\t\t<h2 class=\"elementor-heading-title elementor-size-default\">OUR SERVICES<\/h2>\t\t\t\t<\/div>\n\t\t\t\t<\/div>\n\t\t\t\t<div class=\"elementor-element elementor-element-69cbb679 elementor-nav-menu__align-start elementor-nav-menu--dropdown-none zi-our-service elementor-widget elementor-widget-nav-menu\" data-id=\"69cbb679\" data-element_type=\"widget\" data-e-type=\"widget\" data-settings=\"{&quot;layout&quot;:&quot;vertical&quot;,&quot;submenu_icon&quot;:{&quot;value&quot;:&quot;&lt;i class=\\&quot;fas fa-caret-down\\&quot; aria-hidden=\\&quot;true\\&quot;&gt;&lt;\\\/i&gt;&quot;,&quot;library&quot;:&quot;fa-solid&quot;}}\" data-widget_type=\"nav-menu.default\">\n\t\t\t\t<div class=\"elementor-widget-container\">\n\t\t\t\t\t\t\t\t<nav aria-label=\"Menu\" class=\"elementor-nav-menu--main elementor-nav-menu__container elementor-nav-menu--layout-vertical e--pointer-none\">\n\t\t\t\t<ul id=\"menu-1-69cbb679\" class=\"elementor-nav-menu sm-vertical\"><li class=\"menu-item menu-item-type-post_type menu-item-object-page menu-item-3059\"><a href=\"https:\/\/www.traveter.ee\/en\/foundation-waterproofing\/\" class=\"elementor-item\">FOUNDATION WATERPROOFING<\/a><\/li>\n<li class=\"menu-item menu-item-type-post_type menu-item-object-page menu-item-3060\"><a href=\"https:\/\/www.traveter.ee\/en\/waterproofing-of-tanks-and-pools\/\" class=\"elementor-item\">WATERPROOFING OF TANKS AND POOLS<\/a><\/li>\n<li class=\"menu-item menu-item-type-post_type menu-item-object-page menu-item-3061\"><a href=\"https:\/\/www.traveter.ee\/en\/inverted-roofs\/\" class=\"elementor-item\">WATERPROOFING OF INVERTED ROOFS<\/a><\/li>\n<li class=\"menu-item menu-item-type-post_type menu-item-object-page menu-item-3062\"><a href=\"https:\/\/www.traveter.ee\/en\/waterproofing-of-facilities\/\" class=\"elementor-item\">WATERPROOFING OF FACILITIES<\/a><\/li>\n<li class=\"menu-item menu-item-type-post_type menu-item-object-page menu-item-3064\"><a href=\"https:\/\/www.traveter.ee\/en\/concrete-repair\/\" class=\"elementor-item\">CONCRETE REPAIR<\/a><\/li>\n<li class=\"menu-item menu-item-type-post_type menu-item-object-page menu-item-3065\"><a href=\"https:\/\/www.traveter.ee\/en\/shotcrete\/\" class=\"elementor-item\">SHOTCRETE<\/a><\/li>\n<li class=\"menu-item menu-item-type-post_type menu-item-object-page menu-item-3066\"><a href=\"https:\/\/www.traveter.ee\/en\/injection\/\" class=\"elementor-item\">INJECTION<\/a><\/li>\n<li class=\"menu-item menu-item-type-post_type menu-item-object-page menu-item-3067\"><a href=\"https:\/\/www.traveter.ee\/en\/waterproofing-of-basement\/\" class=\"elementor-item\">WATERPROOFING OF BASEMENT<\/a><\/li>\n<li class=\"menu-item menu-item-type-post_type menu-item-object-page menu-item-12804\"><a href=\"https:\/\/www.traveter.ee\/en\/construction-and-movement-joints\/\" class=\"elementor-item\">CONSTRUCTION AND MOVEMENT JOINTS<\/a><\/li>\n<li class=\"menu-item menu-item-type-post_type menu-item-object-page menu-item-12584\"><a href=\"https:\/\/www.traveter.ee\/en\/concrete-repair-for-parking-houses\/\" class=\"elementor-item\">CONCRETE REPAIR FOR PARKING HOUSES<\/a><\/li>\n<li class=\"menu-item menu-item-type-post_type menu-item-object-page menu-item-12839\"><a href=\"https:\/\/www.traveter.ee\/en\/concrete-protection-for-silage-bunkers\/\" class=\"elementor-item\">CONCRETE PROTECTION FOR SILAGE BUNKERS<\/a><\/li>\n<\/ul>\t\t\t<\/nav>\n\t\t\t\t\t\t<nav class=\"elementor-nav-menu--dropdown elementor-nav-menu__container\" aria-hidden=\"true\">\n\t\t\t\t<ul id=\"menu-2-69cbb679\" class=\"elementor-nav-menu sm-vertical\"><li class=\"menu-item menu-item-type-post_type menu-item-object-page menu-item-3059\"><a href=\"https:\/\/www.traveter.ee\/en\/foundation-waterproofing\/\" class=\"elementor-item\" tabindex=\"-1\">FOUNDATION WATERPROOFING<\/a><\/li>\n<li class=\"menu-item menu-item-type-post_type menu-item-object-page menu-item-3060\"><a href=\"https:\/\/www.traveter.ee\/en\/waterproofing-of-tanks-and-pools\/\" class=\"elementor-item\" tabindex=\"-1\">WATERPROOFING OF TANKS AND POOLS<\/a><\/li>\n<li class=\"menu-item menu-item-type-post_type menu-item-object-page menu-item-3061\"><a href=\"https:\/\/www.traveter.ee\/en\/inverted-roofs\/\" class=\"elementor-item\" tabindex=\"-1\">WATERPROOFING OF INVERTED ROOFS<\/a><\/li>\n<li class=\"menu-item menu-item-type-post_type menu-item-object-page menu-item-3062\"><a href=\"https:\/\/www.traveter.ee\/en\/waterproofing-of-facilities\/\" class=\"elementor-item\" tabindex=\"-1\">WATERPROOFING OF FACILITIES<\/a><\/li>\n<li class=\"menu-item menu-item-type-post_type menu-item-object-page menu-item-3064\"><a href=\"https:\/\/www.traveter.ee\/en\/concrete-repair\/\" class=\"elementor-item\" tabindex=\"-1\">CONCRETE REPAIR<\/a><\/li>\n<li class=\"menu-item menu-item-type-post_type menu-item-object-page menu-item-3065\"><a href=\"https:\/\/www.traveter.ee\/en\/shotcrete\/\" class=\"elementor-item\" tabindex=\"-1\">SHOTCRETE<\/a><\/li>\n<li class=\"menu-item menu-item-type-post_type menu-item-object-page menu-item-3066\"><a href=\"https:\/\/www.traveter.ee\/en\/injection\/\" class=\"elementor-item\" tabindex=\"-1\">INJECTION<\/a><\/li>\n<li class=\"menu-item menu-item-type-post_type menu-item-object-page menu-item-3067\"><a href=\"https:\/\/www.traveter.ee\/en\/waterproofing-of-basement\/\" class=\"elementor-item\" tabindex=\"-1\">WATERPROOFING OF BASEMENT<\/a><\/li>\n<li class=\"menu-item menu-item-type-post_type menu-item-object-page menu-item-12804\"><a href=\"https:\/\/www.traveter.ee\/en\/construction-and-movement-joints\/\" class=\"elementor-item\" tabindex=\"-1\">CONSTRUCTION AND MOVEMENT JOINTS<\/a><\/li>\n<li class=\"menu-item menu-item-type-post_type menu-item-object-page menu-item-12584\"><a href=\"https:\/\/www.traveter.ee\/en\/concrete-repair-for-parking-houses\/\" class=\"elementor-item\" tabindex=\"-1\">CONCRETE REPAIR FOR PARKING HOUSES<\/a><\/li>\n<li class=\"menu-item menu-item-type-post_type menu-item-object-page menu-item-12839\"><a href=\"https:\/\/www.traveter.ee\/en\/concrete-protection-for-silage-bunkers\/\" class=\"elementor-item\" tabindex=\"-1\">CONCRETE PROTECTION FOR SILAGE BUNKERS<\/a><\/li>\n<\/ul>\t\t\t<\/nav>\n\t\t\t\t\t\t<\/div>\n\t\t\t\t<\/div>\n\t\t\t\t\t<\/div>\n\t\t<\/div>\n\t\t\t\t\t<\/div>\n\t\t<\/section>\n\t\t\t\t\t<\/div>\n\t\t<\/div>\n\t\t\t\t<div class=\"elementor-column elementor-col-50 elementor-top-column elementor-element elementor-element-21fa625c zi-service-detail\" data-id=\"21fa625c\" data-element_type=\"column\" data-e-type=\"column\" data-settings=\"{&quot;background_background&quot;:&quot;classic&quot;}\">\n\t\t\t<div class=\"elementor-widget-wrap elementor-element-populated\">\n\t\t\t\t\t\t<div class=\"elementor-element elementor-element-39fbd888 elementor-widget elementor-widget-heading\" data-id=\"39fbd888\" data-element_type=\"widget\" data-e-type=\"widget\" data-widget_type=\"heading.default\">\n\t\t\t\t<div class=\"elementor-widget-container\">\n\t\t\t\t\t<h2 class=\"elementor-heading-title elementor-size-default\">WATERPROOFING OF FACILITIES<\/h2>\t\t\t\t<\/div>\n\t\t\t\t<\/div>\n\t\t\t\t<div class=\"elementor-element elementor-element-4c6217b elementor-align-left zi-btn-service elementor-mobile-align-left elementor-widget elementor-widget-button\" data-id=\"4c6217b\" data-element_type=\"widget\" data-e-type=\"widget\" data-widget_type=\"button.default\">\n\t\t\t\t<div class=\"elementor-widget-container\">\n\t\t\t\t\t\t\t\t\t<div class=\"elementor-button-wrapper\">\n\t\t\t\t\t<a class=\"elementor-button elementor-button-link elementor-size-sm\" href=\"https:\/\/www.traveter.ee\/en\/objects\/\">\n\t\t\t\t\t\t<span class=\"elementor-button-content-wrapper\">\n\t\t\t\t\t\t\t\t\t<span class=\"elementor-button-text\">Finished projects<\/span>\n\t\t\t\t\t<\/span>\n\t\t\t\t\t<\/a>\n\t\t\t\t<\/div>\n\t\t\t\t\t\t\t\t<\/div>\n\t\t\t\t<\/div>\n\t\t\t\t<div class=\"elementor-element elementor-element-8b2c822 elementor-widget elementor-widget-image\" data-id=\"8b2c822\" data-element_type=\"widget\" data-e-type=\"widget\" data-widget_type=\"image.default\">\n\t\t\t\t<div class=\"elementor-widget-container\">\n\t\t\t\t\t\t\t\t\t\t\t\t\t\t\t<img decoding=\"async\" width=\"800\" height=\"480\" src=\"https:\/\/www.traveter.ee\/wp-content\/uploads\/2019\/03\/img_e1240-1-1024x615.jpg\" class=\"attachment-large size-large wp-image-4065\" alt=\"Venek\u00fcla tunneli h\u00fcdroisolastioonit\u00f6\u00f6d\" srcset=\"https:\/\/www.traveter.ee\/wp-content\/uploads\/2019\/03\/img_e1240-1-1024x615.jpg 1024w, https:\/\/www.traveter.ee\/wp-content\/uploads\/2019\/03\/img_e1240-1-300x180.jpg 300w, https:\/\/www.traveter.ee\/wp-content\/uploads\/2019\/03\/img_e1240-1-768x461.jpg 768w, https:\/\/www.traveter.ee\/wp-content\/uploads\/2019\/03\/img_e1240-1-1536x922.jpg 1536w, https:\/\/www.traveter.ee\/wp-content\/uploads\/2019\/03\/img_e1240-1-2048x1229.jpg 2048w\" sizes=\"(max-width: 800px) 100vw, 800px\" \/>\t\t\t\t\t\t\t\t\t\t\t\t\t\t\t<\/div>\n\t\t\t\t<\/div>\n\t\t\t\t\t<\/div>\n\t\t<\/div>\n\t\t\t\t\t<\/div>\n\t\t<\/section>\n\t\t\t\t<\/div>\n\t\t","protected":false},"excerpt":{"rendered":"<p>OUR SERVICES Finished projects<\/p>\n","protected":false},"author":1,"featured_media":0,"parent":0,"menu_order":7,"comment_status":"closed","ping_status":"closed","template":"","meta":{"footnotes":""},"class_list":["post-2774","page","type-page","status-publish","hentry"],"aioseo_notices":[],"_links":{"self":[{"href":"https:\/\/www.traveter.ee\/en\/wp-json\/wp\/v2\/pages\/2774","targetHints":{"allow":["GET"]}}],"collection":[{"href":"https:\/\/www.traveter.ee\/en\/wp-json\/wp\/v2\/pages"}],"about":[{"href":"https:\/\/www.traveter.ee\/en\/wp-json\/wp\/v2\/types\/page"}],"author":[{"embeddable":true,"href":"https:\/\/www.traveter.ee\/en\/wp-json\/wp\/v2\/users\/1"}],"replies":[{"embeddable":true,"href":"https:\/\/www.traveter.ee\/en\/wp-json\/wp\/v2\/comments?post=2774"}],"version-history":[{"count":5,"href":"https:\/\/www.traveter.ee\/en\/wp-json\/wp\/v2\/pages\/2774\/revisions"}],"predecessor-version":[{"id":12595,"href":"https:\/\/www.traveter.ee\/en\/wp-json\/wp\/v2\/pages\/2774\/revisions\/12595"}],"wp:attachment":[{"href":"https:\/\/www.traveter.ee\/en\/wp-json\/wp\/v2\/media?parent=2774"}],"curies":[{"name":"wp","href":"https:\/\/api.w.org\/{rel}","templated":true}]}}